{"id":369,"date":"2022-10-10T12:25:36","date_gmt":"2022-10-10T12:25:36","guid":{"rendered":"https:\/\/klbtheme.com\/partdo\/?post_type=product&amp;p=369"},"modified":"2023-10-14T09:26:14","modified_gmt":"2023-10-14T09:26:14","slug":"comsoon-upgraded-bluetooth-5-0-receiver-for-car","status":"publish","type":"product","link":"https:\/\/auto-hub.hipa-tech.com\/index.php\/product\/comsoon-upgraded-bluetooth-5-0-receiver-for-car\/","title":{"rendered":"COMSOON Upgraded Bluetooth 5.0 Receiver for Car"},"content":{"rendered":"<p><span style=\"vertical-align: inherit;\"><span style=\"vertical-align: inherit;\">Quisque varius diam vel metus mattis, id aliquam diam rhoncus. <\/span><span style=\"vertical-align: inherit;\">Proin vitae magna in dui finibus maleuada et at nulla. <\/span><span style=\"vertical-align: inherit;\">Morbi elit ex, viverra vitae ante vel, blandit feugiat ligula. <\/span><span style=\"vertical-align: inherit;\">Fusce fermentum iaculis nibh, sodales leo maximus a&#8217;da. <\/span><span style=\"vertical-align: inherit;\">Nullam ultricies sodales nunc, pellentesque lorem mattis quis. <\/span><span style=\"vertical-align: inherit;\">Rahibe tristique lacinia&#8217;da Cras imperdiet est. <\/span><span style=\"vertical-align: inherit;\">Nullam aliquam mauris eu accumsan tincidunt. <\/span><span style=\"vertical-align: inherit;\">Suspendisse velit ex, aliquet vel ornare vel, haydut bir tortor.<\/span><\/span><\/p>\n<p><span style=\"vertical-align: inherit;\"><span style=\"vertical-align: inherit;\">Morbi ut sapien vitae odio accumsan gravida. <\/span><span style=\"vertical-align: inherit;\">Morbi vitae d\u00f6nemi yap\u0131mc\u0131s\u0131, eleifend nunc a, lobortis neque. <\/span><span style=\"vertical-align: inherit;\">Praesent aliquam dignissim viverra. <\/span><span style=\"vertical-align: inherit;\">Maecenas lacus odio, feugiat eu nunc sit amet, maximus sagittis dolor. <\/span><span style=\"vertical-align: inherit;\">Vivamus nisi sapien, elementum sit amet eros sit amet, ultricies cursus ipsum. <\/span><span style=\"vertical-align: inherit;\">Sed consequat luctus ligula. <\/span><span style=\"vertical-align: inherit;\">Curabitur laoreet rhoncus blandit. <\/span><span style=\"vertical-align: inherit;\">Aenean vel diam ut arcu pharetra dignissim ut sed leo. <\/span><span style=\"vertical-align: inherit;\">Vivamus faucibus, vestibulum vulputate&#8217;de ipsum, lorem orci convallis quam, sit amet consequat nulla felis pharetra lacus. <\/span><span style=\"vertical-align: inherit;\">Bir g\u00fcn \u00f6nce mauris, sed egestas purus komodin<\/span><\/span><\/p>\n","protected":false},"excerpt":{"rendered":"<ul>\n<li>Best-in-class all-around performance<\/li>\n<li>Confident driving in all weather conditions<\/li>\n<li>Visual Alignment Indicators<\/li>\n<\/ul>\n","protected":false},"featured_media":370,"comment_status":"open","ping_status":"closed","template":"","meta":[],"product_cat":[148,87,109,117],"product_tag":[],"_links":{"self":[{"href":"https:\/\/auto-hub.hipa-tech.com\/index.php\/wp-json\/wp\/v2\/product\/369"}],"collection":[{"href":"https:\/\/auto-hub.hipa-tech.com\/index.php\/wp-json\/wp\/v2\/product"}],"about":[{"href":"https:\/\/auto-hub.hipa-tech.com\/index.php\/wp-json\/wp\/v2\/types\/product"}],"replies":[{"embeddable":true,"href":"https:\/\/auto-hub.hipa-tech.com\/index.php\/wp-json\/wp\/v2\/comments?post=369"}],"wp:featuredmedia":[{"embeddable":true,"href":"https:\/\/auto-hub.hipa-tech.com\/index.php\/wp-json\/wp\/v2\/media\/370"}],"wp:attachment":[{"href":"https:\/\/auto-hub.hipa-tech.com\/index.php\/wp-json\/wp\/v2\/media?parent=369"}],"wp:term":[{"taxonomy":"product_cat","embeddable":true,"href":"https:\/\/auto-hub.hipa-tech.com\/index.php\/wp-json\/wp\/v2\/product_cat?post=369"},{"taxonomy":"product_tag","embeddable":true,"href":"https:\/\/auto-hub.hipa-tech.com\/index.php\/wp-json\/wp\/v2\/product_tag?post=369"}],"curies":[{"name":"wp","href":"https:\/\/api.w.org\/{rel}","templated":true}]}}